{"id":699,"date":"2022-07-22T17:12:34","date_gmt":"2022-07-22T17:12:34","guid":{"rendered":"https:\/\/sunsetislandresort.com\/?page_id=699"},"modified":"2022-11-28T05:39:39","modified_gmt":"2022-11-28T05:39:39","slug":"weddings","status":"publish","type":"page","link":"https:\/\/sunsetislandresort.com\/es\/weddings\/","title":{"rendered":"Bodas"},"content":{"rendered":"<div class=\"wp-block-cover alignfull is-light\" style=\"min-height:700px;aspect-ratio:unset;\"><span aria-hidden=\"true\" class=\"wp-block-cover__background has-background-dim\"><\/span><img loading=\"lazy\" decoding=\"async\" width=\"2063\" height=\"1340\" class=\"wp-block-cover__image-background wp-image-700\" alt=\"\" src=\"https:\/\/sunsetislandresort.com\/wp-content\/uploads\/2022\/07\/weddings-in-la-penita-de-jaltemba.jpg\" data-object-fit=\"cover\" srcset=\"https:\/\/sunsetislandresort.com\/wp-content\/uploads\/2022\/07\/weddings-in-la-penita-de-jaltemba.jpg 2063w, https:\/\/sunsetislandresort.com\/wp-content\/uploads\/2022\/07\/weddings-in-la-penita-de-jaltemba-300x195.jpg 300w, https:\/\/sunsetislandresort.com\/wp-content\/uploads\/2022\/07\/weddings-in-la-penita-de-jaltemba-1024x665.jpg 1024w, https:\/\/sunsetislandresort.com\/wp-content\/uploads\/2022\/07\/weddings-in-la-penita-de-jaltemba-768x499.jpg 768w, https:\/\/sunsetislandresort.com\/wp-content\/uploads\/2022\/07\/weddings-in-la-penita-de-jaltemba-1536x998.jpg 1536w, https:\/\/sunsetislandresort.com\/wp-content\/uploads\/2022\/07\/weddings-in-la-penita-de-jaltemba-2048x1330.jpg 2048w\" sizes=\"auto, (max-width: 2063px) 100vw, 2063px\" \/><div class=\"wp-block-cover__inner-container is-layout-flow wp-block-cover-is-layout-flow\">\n<p class=\"wow\">Bodas<\/p>\n\n\n\n<p class=\"has-text-align-center has-white-color has-text-color\">Celebra el amor eterno en un entorno de otro mundo.<\/p>\n<\/div><\/div>\n\n\n\n<div style=\"height:16px\" aria-hidden=\"true\" class=\"wp-block-spacer\"><\/div>\n\n\n\n<div style=\"height:100px\" aria-hidden=\"true\" class=\"wp-block-spacer\"><\/div>\n\n\n\n<div class=\"wp-block-ab-animate\" data-scroll-class=\"fadeInDown\">\n<h1 class=\"ti black\">Tu boda en La Pe\u00f1ita de Jaltemba<\/h1>\n\n\n\n<p>Experimente el estilo exquisito y el servicio personalizado de una celebraci\u00f3n en Sunset Island Resort, dise\u00f1ada solo para usted. Reuniones personalizadas junto a la playa, nuestra herencia de glamour inspira celebraciones atemporales. Ya sea que est\u00e9 planeando una gran gala de boda o un evento \u00edntimo para celebrar la renovaci\u00f3n de sus votos.<\/p>\n<\/div>\n\n\n\n<div style=\"height:100px\" aria-hidden=\"true\" class=\"wp-block-spacer\"><\/div>\n\n\n\n<div style=\"height:38px\" aria-hidden=\"true\" class=\"wp-block-spacer\"><\/div>\n\n\n\n<div class=\"wp-block-cover alignfull\" style=\"min-height:372px;aspect-ratio:unset;\"><span aria-hidden=\"true\" class=\"wp-block-cover__background has-background-dim-10 has-background-dim\"><\/span><img loading=\"lazy\" decoding=\"async\" width=\"2560\" height=\"1440\" class=\"wp-block-cover__image-background wp-image-2393\" alt=\"\" src=\"https:\/\/sunsetislandresort.com\/wp-content\/uploads\/2022\/10\/wedding-in-la-penita-de-jaltemba-scaled.jpg\" data-object-fit=\"cover\" srcset=\"https:\/\/sunsetislandresort.com\/wp-content\/uploads\/2022\/10\/wedding-in-la-penita-de-jaltemba-scaled.jpg 2560w, https:\/\/sunsetislandresort.com\/wp-content\/uploads\/2022\/10\/wedding-in-la-penita-de-jaltemba-300x169.jpg 300w, https:\/\/sunsetislandresort.com\/wp-content\/uploads\/2022\/10\/wedding-in-la-penita-de-jaltemba-1024x576.jpg 1024w, https:\/\/sunsetislandresort.com\/wp-content\/uploads\/2022\/10\/wedding-in-la-penita-de-jaltemba-768x432.jpg 768w, https:\/\/sunsetislandresort.com\/wp-content\/uploads\/2022\/10\/wedding-in-la-penita-de-jaltemba-1600x900.jpg 1600w, https:\/\/sunsetislandresort.com\/wp-content\/uploads\/2022\/10\/wedding-in-la-penita-de-jaltemba-1536x864.jpg 1536w, https:\/\/sunsetislandresort.com\/wp-content\/uploads\/2022\/10\/wedding-in-la-penita-de-jaltemba-2048x1152.jpg 2048w\" sizes=\"auto, (max-width: 2560px) 100vw, 2560px\" \/><div class=\"wp-block-cover__inner-container is-layout-flow wp-block-cover-is-layout-flow\">\n<p class=\"has-text-align-center has-large-font-size\"><\/p>\n<\/div><\/div>\n\n\n\n<div style=\"height:100px\" aria-hidden=\"true\" class=\"wp-block-spacer\"><\/div>\n\n\n\n<div class=\"wp-block-ab-animate\" data-scroll-class=\"fadeInDown\">\n<p class=\"sub black\">Arreglos a medida<\/p>\n<\/div>\n\n\n\n<div style=\"height:33px\" aria-hidden=\"true\" class=\"wp-block-spacer\"><\/div>\n\n\n\n<div class=\"wp-block-ab-animate\" data-scroll-class=\"fadeInLeft\">\n<div class=\"wp-block-columns are-vertically-aligned-center is-layout-flex wp-container-core-columns-is-layout-9d6595d7 wp-block-columns-is-layout-flex\">\n<div class=\"wp-block-column is-vertically-aligned-center is-layout-flow wp-block-column-is-layout-flow\" style=\"flex-basis:40%\">\n<p class=\"sub black\">Un lugar incomparable<\/p>\n\n\n\n<p>Las novias y los novios de Sunset Island Resort reciben el m\u00e1s alto nivel de cuidado y atenci\u00f3n, desde su primera reuni\u00f3n con nuestro personal experimentado hasta el momento final de su reuni\u00f3n encantada.<\/p>\n<\/div>\n\n\n\n<div class=\"wp-block-column is-vertically-aligned-center is-layout-flow wp-block-column-is-layout-flow\" style=\"flex-basis:60%\"><div class=\"wp-block-image\">\n<figure class=\"aligncenter size-large\"><img loading=\"lazy\" decoding=\"async\" width=\"1024\" height=\"576\" src=\"https:\/\/sunsetislandresort.com\/wp-content\/uploads\/2022\/10\/wedding-in-la-penita-de-jaltemba2-1024x576.jpg\" alt=\"\" class=\"wp-image-2395\" srcset=\"https:\/\/sunsetislandresort.com\/wp-content\/uploads\/2022\/10\/wedding-in-la-penita-de-jaltemba2-1024x576.jpg 1024w, https:\/\/sunsetislandresort.com\/wp-content\/uploads\/2022\/10\/wedding-in-la-penita-de-jaltemba2-300x169.jpg 300w, https:\/\/sunsetislandresort.com\/wp-content\/uploads\/2022\/10\/wedding-in-la-penita-de-jaltemba2-768x432.jpg 768w, https:\/\/sunsetislandresort.com\/wp-content\/uploads\/2022\/10\/wedding-in-la-penita-de-jaltemba2-1600x900.jpg 1600w, https:\/\/sunsetislandresort.com\/wp-content\/uploads\/2022\/10\/wedding-in-la-penita-de-jaltemba2-1536x864.jpg 1536w, https:\/\/sunsetislandresort.com\/wp-content\/uploads\/2022\/10\/wedding-in-la-penita-de-jaltemba2-2048x1152.jpg 2048w\" sizes=\"auto, (max-width: 1024px) 100vw, 1024px\" \/><\/figure>\n<\/div><\/div>\n<\/div>\n<\/div>\n\n\n\n<div class=\"wp-block-ab-animate\" data-scroll-class=\"fadeInRight\">\n<div class=\"wp-block-columns are-vertically-aligned-center is-layout-flex wp-container-core-columns-is-layout-9d6595d7 wp-block-columns-is-layout-flex\">\n<div class=\"wp-block-column is-vertically-aligned-center is-layout-flow wp-block-column-is-layout-flow\" style=\"flex-basis:60%\">\n<figure class=\"wp-block-image size-large\"><img loading=\"lazy\" decoding=\"async\" width=\"1024\" height=\"870\" src=\"https:\/\/sunsetislandresort.com\/wp-content\/uploads\/2022\/10\/anju-12-sep-1024x870.jpg\" alt=\"\" class=\"wp-image-1562\" srcset=\"https:\/\/sunsetislandresort.com\/wp-content\/uploads\/2022\/10\/anju-12-sep-1024x870.jpg 1024w, https:\/\/sunsetislandresort.com\/wp-content\/uploads\/2022\/10\/anju-12-sep-300x255.jpg 300w, https:\/\/sunsetislandresort.com\/wp-content\/uploads\/2022\/10\/anju-12-sep-768x653.jpg 768w, https:\/\/sunsetislandresort.com\/wp-content\/uploads\/2022\/10\/anju-12-sep-1600x1360.jpg 1600w, https:\/\/sunsetislandresort.com\/wp-content\/uploads\/2022\/10\/anju-12-sep-1536x1306.jpg 1536w, https:\/\/sunsetislandresort.com\/wp-content\/uploads\/2022\/10\/anju-12-sep.jpg 2000w\" sizes=\"auto, (max-width: 1024px) 100vw, 1024px\" \/><\/figure>\n<\/div>\n\n\n\n<div class=\"wp-block-column is-vertically-aligned-center is-layout-flow wp-block-column-is-layout-flow\" style=\"flex-basis:40%\">\n<p class=\"sub black\">La Cocina<\/p>\n\n\n\n<p>Estamos comprometidos con los mejores productos de granjas locales y productores artesanales, asegurando que cada plato sea fresco y extraordinariamente delicioso.<\/p>\n<\/div>\n<\/div>\n<\/div>","protected":false},"excerpt":{"rendered":"","protected":false},"author":1,"featured_media":0,"parent":0,"menu_order":0,"comment_status":"closed","ping_status":"closed","template":"","meta":{"_glsr_average":0,"_glsr_ranking":0,"_glsr_reviews":0,"footnotes":""},"class_list":["post-699","page","type-page","status-publish","hentry"],"_links":{"self":[{"href":"https:\/\/sunsetislandresort.com\/es\/wp-json\/wp\/v2\/pages\/699","targetHints":{"allow":["GET"]}}],"collection":[{"href":"https:\/\/sunsetislandresort.com\/es\/wp-json\/wp\/v2\/pages"}],"about":[{"href":"https:\/\/sunsetislandresort.com\/es\/wp-json\/wp\/v2\/types\/page"}],"author":[{"embeddable":true,"href":"https:\/\/sunsetislandresort.com\/es\/wp-json\/wp\/v2\/users\/1"}],"replies":[{"embeddable":true,"href":"https:\/\/sunsetislandresort.com\/es\/wp-json\/wp\/v2\/comments?post=699"}],"version-history":[{"count":17,"href":"https:\/\/sunsetislandresort.com\/es\/wp-json\/wp\/v2\/pages\/699\/revisions"}],"predecessor-version":[{"id":2865,"href":"https:\/\/sunsetislandresort.com\/es\/wp-json\/wp\/v2\/pages\/699\/revisions\/2865"}],"wp:attachment":[{"href":"https:\/\/sunsetislandresort.com\/es\/wp-json\/wp\/v2\/media?parent=699"}],"curies":[{"name":"wp","href":"https:\/\/api.w.org\/{rel}","templated":true}]}}