{"id":382,"date":"2022-07-11T20:50:02","date_gmt":"2022-07-11T20:50:02","guid":{"rendered":"https:\/\/sunsetislandresort.com\/?page_id=382"},"modified":"2022-11-28T05:30:45","modified_gmt":"2022-11-28T05:30:45","slug":"la-penita","status":"publish","type":"page","link":"https:\/\/sunsetislandresort.com\/es\/la-penita\/","title":{"rendered":"La Penita"},"content":{"rendered":"<div class=\"wp-block-cover alignfull\" style=\"min-height:700px;aspect-ratio:unset;\"><span aria-hidden=\"true\" class=\"wp-block-cover__background has-background-dim-20 has-background-dim\"><\/span><img loading=\"lazy\" decoding=\"async\" width=\"2000\" height=\"1700\" class=\"wp-block-cover__image-background wp-image-1447\" alt=\"\" src=\"https:\/\/sunsetislandresort.com\/wp-content\/uploads\/2022\/08\/la-penita-de-jaltemba-destination-home-sunset-island-resort3.jpg\" style=\"object-position:53% 74%\" data-object-fit=\"cover\" data-object-position=\"53% 74%\" srcset=\"https:\/\/sunsetislandresort.com\/wp-content\/uploads\/2022\/08\/la-penita-de-jaltemba-destination-home-sunset-island-resort3.jpg 2000w, https:\/\/sunsetislandresort.com\/wp-content\/uploads\/2022\/08\/la-penita-de-jaltemba-destination-home-sunset-island-resort3-300x255.jpg 300w, https:\/\/sunsetislandresort.com\/wp-content\/uploads\/2022\/08\/la-penita-de-jaltemba-destination-home-sunset-island-resort3-1024x870.jpg 1024w, https:\/\/sunsetislandresort.com\/wp-content\/uploads\/2022\/08\/la-penita-de-jaltemba-destination-home-sunset-island-resort3-768x653.jpg 768w, https:\/\/sunsetislandresort.com\/wp-content\/uploads\/2022\/08\/la-penita-de-jaltemba-destination-home-sunset-island-resort3-1536x1306.jpg 1536w\" sizes=\"auto, (max-width: 2000px) 100vw, 2000px\" \/><div class=\"wp-block-cover__inner-container is-layout-flow wp-block-cover-is-layout-flow\">\n<div style=\"height:100px\" aria-hidden=\"true\" class=\"wp-block-spacer\"><\/div>\n\n\n\n<p class=\"wow\">La Pe\u00f1ita de Jaltemba<\/p>\n\n\n\n<p class=\"has-text-align-center\">El peque\u00f1o pueblo de Pe\u00f1ita de Jaltemba, Nayarit ofrece tranquilidad y una agradable sensaci\u00f3n de bienvenida a todos sus visitantes<\/p>\n<\/div><\/div>\n\n\n\n<div style=\"height:10px\" aria-hidden=\"true\" class=\"wp-block-spacer\"><\/div>\n\n\n\n<div style=\"height:30px\" aria-hidden=\"true\" class=\"wp-block-spacer\"><\/div>\n\n\n\n<div class=\"wp-block-ab-animate\" data-scroll-class=\"fadeInDown\">\n<p class=\"sub black\">Bienvenido<\/p>\n\n\n\n<div style=\"height:45px\" aria-hidden=\"true\" class=\"wp-block-spacer\"><\/div>\n\n\n\n<p>La Pe\u00f1ita de Jaltemba es un pueblo costero ubicado en el estado de Nayarit, a 1 hora y 15 minutos de Puerto Vallarta, Jalisco. La Pe\u00f1ita es f\u00e1cil de ubicar en el mapa ya que es el pueblo vecino de Rinc\u00f3n de Guayabitos. A diferencia de Guayabos, Pe\u00f1ita de Jaltemba es conocida por su comercio y servicios ya que los pueblos aleda\u00f1os realizan aqu\u00ed sus compras.<\/p>\n<\/div>\n\n\n\n<div style=\"height:62px\" aria-hidden=\"true\" class=\"wp-block-spacer\"><\/div>\n\n\n\n<div class=\"wp-block-columns is-layout-flex wp-container-core-columns-is-layout-9d6595d7 wp-block-columns-is-layout-flex\">\n<div class=\"wp-block-column is-vertically-aligned-center is-layout-flow wp-block-column-is-layout-flow\" style=\"flex-basis:60%\">\n<div class=\"wp-block-ab-animate\" data-scroll-class=\"fadeInLeft\">\n<figure class=\"wp-block-image size-large\"><img loading=\"lazy\" decoding=\"async\" width=\"1024\" height=\"680\" src=\"https:\/\/sunsetislandresort.com\/wp-content\/uploads\/2022\/08\/la-penita-de-jaltemba-2-1024x680.jpg\" alt=\"\" class=\"wp-image-1302\" srcset=\"https:\/\/sunsetislandresort.com\/wp-content\/uploads\/2022\/08\/la-penita-de-jaltemba-2-1024x680.jpg 1024w, https:\/\/sunsetislandresort.com\/wp-content\/uploads\/2022\/08\/la-penita-de-jaltemba-2-300x199.jpg 300w, https:\/\/sunsetislandresort.com\/wp-content\/uploads\/2022\/08\/la-penita-de-jaltemba-2-768x510.jpg 768w, https:\/\/sunsetislandresort.com\/wp-content\/uploads\/2022\/08\/la-penita-de-jaltemba-2-1536x1020.jpg 1536w, https:\/\/sunsetislandresort.com\/wp-content\/uploads\/2022\/08\/la-penita-de-jaltemba-2.jpg 1800w\" sizes=\"auto, (max-width: 1024px) 100vw, 1024px\" \/><\/figure>\n<\/div>\n<\/div>\n\n\n\n<div class=\"wp-block-column is-layout-flow wp-block-column-is-layout-flow\" style=\"flex-basis:40%\">\n<div class=\"wp-block-ab-animate\" data-scroll-class=\"fadeInRight\">\n<figure class=\"wp-block-image size-full\"><img loading=\"lazy\" decoding=\"async\" width=\"720\" height=\"720\" src=\"https:\/\/sunsetislandresort.com\/wp-content\/uploads\/2022\/07\/la-pen\u0303ita-de-jaltemba-resort-1-edited.png\" alt=\"\" class=\"wp-image-295\" srcset=\"https:\/\/sunsetislandresort.com\/wp-content\/uploads\/2022\/07\/la-pen\u0303ita-de-jaltemba-resort-1-edited.png 720w, https:\/\/sunsetislandresort.com\/wp-content\/uploads\/2022\/07\/la-pen\u0303ita-de-jaltemba-resort-1-edited-300x300.png 300w, https:\/\/sunsetislandresort.com\/wp-content\/uploads\/2022\/07\/la-pen\u0303ita-de-jaltemba-resort-1-edited-150x150.png 150w\" sizes=\"auto, (max-width: 720px) 100vw, 720px\" \/><\/figure>\n\n\n\n<p class=\"sub black\">Un destino sin igual<\/p>\n\n\n\n<pre id=\"tw-target-text\" class=\"wp-block-preformatted\">La arena que llena su espacio es de un fino grado de tonalidad dorada. Los visitantes podr\u00e1n admirar sus aguas azul verdosas, as\u00ed como un entorno de altas palmeras y vegetaci\u00f3n tropical.<\/pre>\n<\/div>\n<\/div>\n<\/div>\n\n\n\n<div style=\"height:100px\" aria-hidden=\"true\" class=\"wp-block-spacer\"><\/div>\n\n\n\n<div class=\"wp-block-ab-animate\" data-scroll-class=\"fadeInUp\">\n<figure class=\"wp-block-gallery alignwide has-nested-images columns-5 is-cropped wp-block-gallery-1 is-layout-flex wp-block-gallery-is-layout-flex\">\n<figure class=\"wp-block-image size-large\"><a href=\"https:\/\/sunsetislandresort.com\/wp-content\/uploads\/2022\/07\/GALLERY-SUNSET-ISLAND-RESORT-.jpg\"><img loading=\"lazy\" decoding=\"async\" width=\"1700\" height=\"1445\" data-id=\"461\" src=\"https:\/\/sunsetislandresort.com\/wp-content\/uploads\/2022\/07\/GALLERY-SUNSET-ISLAND-RESORT-.jpg\" alt=\"\" class=\"wp-image-461\" srcset=\"https:\/\/sunsetislandresort.com\/wp-content\/uploads\/2022\/07\/GALLERY-SUNSET-ISLAND-RESORT-.jpg 1700w, https:\/\/sunsetislandresort.com\/wp-content\/uploads\/2022\/07\/GALLERY-SUNSET-ISLAND-RESORT--300x255.jpg 300w, https:\/\/sunsetislandresort.com\/wp-content\/uploads\/2022\/07\/GALLERY-SUNSET-ISLAND-RESORT--1024x870.jpg 1024w, https:\/\/sunsetislandresort.com\/wp-content\/uploads\/2022\/07\/GALLERY-SUNSET-ISLAND-RESORT--768x653.jpg 768w, https:\/\/sunsetislandresort.com\/wp-content\/uploads\/2022\/07\/GALLERY-SUNSET-ISLAND-RESORT--1536x1306.jpg 1536w\" sizes=\"auto, (max-width: 1700px) 100vw, 1700px\" \/><\/a><\/figure>\n\n\n\n<figure class=\"wp-block-image size-large\"><a href=\"https:\/\/sunsetislandresort.com\/wp-content\/uploads\/2022\/07\/la-pen\u0303ita-de-jaltemba-resort-3.jpeg\"><img loading=\"lazy\" decoding=\"async\" width=\"600\" height=\"450\" data-id=\"259\" src=\"https:\/\/sunsetislandresort.com\/wp-content\/uploads\/2022\/07\/la-pen\u0303ita-de-jaltemba-resort-3.jpeg\" alt=\"\" class=\"wp-image-259\" srcset=\"https:\/\/sunsetislandresort.com\/wp-content\/uploads\/2022\/07\/la-pen\u0303ita-de-jaltemba-resort-3.jpeg 600w, https:\/\/sunsetislandresort.com\/wp-content\/uploads\/2022\/07\/la-pen\u0303ita-de-jaltemba-resort-3-300x225.jpeg 300w\" sizes=\"auto, (max-width: 600px) 100vw, 600px\" \/><\/a><\/figure>\n\n\n\n<figure class=\"wp-block-image size-large\"><a href=\"https:\/\/sunsetislandresort.com\/wp-content\/uploads\/2022\/07\/la-pen\u0303ita-de-jaltemba-resort-5.jpeg\"><img loading=\"lazy\" decoding=\"async\" width=\"1280\" height=\"785\" data-id=\"260\" src=\"https:\/\/sunsetislandresort.com\/wp-content\/uploads\/2022\/07\/la-pen\u0303ita-de-jaltemba-resort-5.jpeg\" alt=\"\" class=\"wp-image-260\" srcset=\"https:\/\/sunsetislandresort.com\/wp-content\/uploads\/2022\/07\/la-pen\u0303ita-de-jaltemba-resort-5.jpeg 1280w, https:\/\/sunsetislandresort.com\/wp-content\/uploads\/2022\/07\/la-pen\u0303ita-de-jaltemba-resort-5-300x184.jpeg 300w, https:\/\/sunsetislandresort.com\/wp-content\/uploads\/2022\/07\/la-pen\u0303ita-de-jaltemba-resort-5-1024x628.jpeg 1024w, https:\/\/sunsetislandresort.com\/wp-content\/uploads\/2022\/07\/la-pen\u0303ita-de-jaltemba-resort-5-768x471.jpeg 768w\" sizes=\"auto, (max-width: 1280px) 100vw, 1280px\" \/><\/a><\/figure>\n\n\n\n<figure class=\"wp-block-image size-large\"><a href=\"https:\/\/sunsetislandresort.com\/wp-content\/uploads\/2022\/07\/la-pen\u0303ita-de-jaltemba-resort-2-scaled.jpeg\"><img loading=\"lazy\" decoding=\"async\" width=\"2560\" height=\"1920\" data-id=\"258\" src=\"https:\/\/sunsetislandresort.com\/wp-content\/uploads\/2022\/07\/la-pen\u0303ita-de-jaltemba-resort-2-scaled.jpeg\" alt=\"\" class=\"wp-image-258\" srcset=\"https:\/\/sunsetislandresort.com\/wp-content\/uploads\/2022\/07\/la-pen\u0303ita-de-jaltemba-resort-2-scaled.jpeg 2560w, https:\/\/sunsetislandresort.com\/wp-content\/uploads\/2022\/07\/la-pen\u0303ita-de-jaltemba-resort-2-300x225.jpeg 300w, https:\/\/sunsetislandresort.com\/wp-content\/uploads\/2022\/07\/la-pen\u0303ita-de-jaltemba-resort-2-1024x768.jpeg 1024w, https:\/\/sunsetislandresort.com\/wp-content\/uploads\/2022\/07\/la-pen\u0303ita-de-jaltemba-resort-2-768x576.jpeg 768w, https:\/\/sunsetislandresort.com\/wp-content\/uploads\/2022\/07\/la-pen\u0303ita-de-jaltemba-resort-2-1536x1152.jpeg 1536w, https:\/\/sunsetislandresort.com\/wp-content\/uploads\/2022\/07\/la-pen\u0303ita-de-jaltemba-resort-2-2048x1536.jpeg 2048w\" sizes=\"auto, (max-width: 2560px) 100vw, 2560px\" \/><\/a><\/figure>\n\n\n\n<figure class=\"wp-block-image size-large\"><a href=\"https:\/\/sunsetislandresort.com\/wp-content\/uploads\/2022\/07\/la-pen\u0303ita-de-jaltemba-resort-4.jpeg\"><img loading=\"lazy\" decoding=\"async\" width=\"1000\" height=\"750\" data-id=\"261\" src=\"https:\/\/sunsetislandresort.com\/wp-content\/uploads\/2022\/07\/la-pen\u0303ita-de-jaltemba-resort-4.jpeg\" alt=\"\" class=\"wp-image-261\" srcset=\"https:\/\/sunsetislandresort.com\/wp-content\/uploads\/2022\/07\/la-pen\u0303ita-de-jaltemba-resort-4.jpeg 1000w, https:\/\/sunsetislandresort.com\/wp-content\/uploads\/2022\/07\/la-pen\u0303ita-de-jaltemba-resort-4-300x225.jpeg 300w, https:\/\/sunsetislandresort.com\/wp-content\/uploads\/2022\/07\/la-pen\u0303ita-de-jaltemba-resort-4-768x576.jpeg 768w\" sizes=\"auto, (max-width: 1000px) 100vw, 1000px\" \/><\/a><\/figure>\n\n\n\n<figure class=\"wp-block-image size-large\"><a href=\"https:\/\/sunsetislandresort.com\/wp-content\/uploads\/2022\/07\/la-pen\u0303ita-de-jaltemba-resort-copia.jpg\"><img loading=\"lazy\" decoding=\"async\" width=\"1440\" height=\"809\" data-id=\"178\" src=\"https:\/\/sunsetislandresort.com\/wp-content\/uploads\/2022\/07\/la-pen\u0303ita-de-jaltemba-resort-copia.jpg\" alt=\"\" class=\"wp-image-178\" srcset=\"https:\/\/sunsetislandresort.com\/wp-content\/uploads\/2022\/07\/la-pen\u0303ita-de-jaltemba-resort-copia.jpg 1440w, https:\/\/sunsetislandresort.com\/wp-content\/uploads\/2022\/07\/la-pen\u0303ita-de-jaltemba-resort-copia-300x169.jpg 300w, https:\/\/sunsetislandresort.com\/wp-content\/uploads\/2022\/07\/la-pen\u0303ita-de-jaltemba-resort-copia-1024x575.jpg 1024w, https:\/\/sunsetislandresort.com\/wp-content\/uploads\/2022\/07\/la-pen\u0303ita-de-jaltemba-resort-copia-768x431.jpg 768w\" sizes=\"auto, (max-width: 1440px) 100vw, 1440px\" \/><\/a><\/figure>\n\n\n\n<figure class=\"wp-block-image size-large\"><a href=\"https:\/\/sunsetislandresort.com\/wp-content\/uploads\/2022\/08\/la-penita-de-jaltemba-3.jpeg\"><img loading=\"lazy\" decoding=\"async\" width=\"768\" height=\"1024\" data-id=\"1312\" src=\"https:\/\/sunsetislandresort.com\/wp-content\/uploads\/2022\/08\/la-penita-de-jaltemba-3.jpeg\" alt=\"\" class=\"wp-image-1312\" srcset=\"https:\/\/sunsetislandresort.com\/wp-content\/uploads\/2022\/08\/la-penita-de-jaltemba-3.jpeg 768w, https:\/\/sunsetislandresort.com\/wp-content\/uploads\/2022\/08\/la-penita-de-jaltemba-3-225x300.jpeg 225w\" sizes=\"auto, (max-width: 768px) 100vw, 768px\" \/><\/a><\/figure>\n\n\n\n<figure class=\"wp-block-image size-large\"><a href=\"https:\/\/sunsetislandresort.com\/wp-content\/uploads\/2022\/08\/la-penita-de-jaltemba-5.jpeg\"><img loading=\"lazy\" decoding=\"async\" width=\"1024\" height=\"575\" data-id=\"1314\" src=\"https:\/\/sunsetislandresort.com\/wp-content\/uploads\/2022\/08\/la-penita-de-jaltemba-5-1024x575.jpeg\" alt=\"\" class=\"wp-image-1314\" srcset=\"https:\/\/sunsetislandresort.com\/wp-content\/uploads\/2022\/08\/la-penita-de-jaltemba-5-1024x575.jpeg 1024w, https:\/\/sunsetislandresort.com\/wp-content\/uploads\/2022\/08\/la-penita-de-jaltemba-5-300x168.jpeg 300w, https:\/\/sunsetislandresort.com\/wp-content\/uploads\/2022\/08\/la-penita-de-jaltemba-5-768x431.jpeg 768w, https:\/\/sunsetislandresort.com\/wp-content\/uploads\/2022\/08\/la-penita-de-jaltemba-5-1536x863.jpeg 1536w, https:\/\/sunsetislandresort.com\/wp-content\/uploads\/2022\/08\/la-penita-de-jaltemba-5.jpeg 2048w\" sizes=\"auto, (max-width: 1024px) 100vw, 1024px\" \/><\/a><\/figure>\n\n\n\n<figure class=\"wp-block-image size-large\"><a href=\"https:\/\/sunsetislandresort.com\/wp-content\/uploads\/2022\/08\/la-penita-de-jaltemba-6.jpg\"><img loading=\"lazy\" decoding=\"async\" width=\"2000\" height=\"1700\" data-id=\"1305\" src=\"https:\/\/sunsetislandresort.com\/wp-content\/uploads\/2022\/08\/la-penita-de-jaltemba-6.jpg\" alt=\"\" class=\"wp-image-1305\" srcset=\"https:\/\/sunsetislandresort.com\/wp-content\/uploads\/2022\/08\/la-penita-de-jaltemba-6.jpg 2000w, https:\/\/sunsetislandresort.com\/wp-content\/uploads\/2022\/08\/la-penita-de-jaltemba-6-300x255.jpg 300w, https:\/\/sunsetislandresort.com\/wp-content\/uploads\/2022\/08\/la-penita-de-jaltemba-6-1024x870.jpg 1024w, https:\/\/sunsetislandresort.com\/wp-content\/uploads\/2022\/08\/la-penita-de-jaltemba-6-768x653.jpg 768w, https:\/\/sunsetislandresort.com\/wp-content\/uploads\/2022\/08\/la-penita-de-jaltemba-6-1536x1306.jpg 1536w\" sizes=\"auto, (max-width: 2000px) 100vw, 2000px\" \/><\/a><\/figure>\n<\/figure>\n<\/div>","protected":false},"excerpt":{"rendered":"","protected":false},"author":1,"featured_media":0,"parent":0,"menu_order":0,"comment_status":"closed","ping_status":"closed","template":"","meta":{"_glsr_average":0,"_glsr_ranking":0,"_glsr_reviews":0,"footnotes":""},"class_list":["post-382","page","type-page","status-publish","hentry"],"_links":{"self":[{"href":"https:\/\/sunsetislandresort.com\/es\/wp-json\/wp\/v2\/pages\/382","targetHints":{"allow":["GET"]}}],"collection":[{"href":"https:\/\/sunsetislandresort.com\/es\/wp-json\/wp\/v2\/pages"}],"about":[{"href":"https:\/\/sunsetislandresort.com\/es\/wp-json\/wp\/v2\/types\/page"}],"author":[{"embeddable":true,"href":"https:\/\/sunsetislandresort.com\/es\/wp-json\/wp\/v2\/users\/1"}],"replies":[{"embeddable":true,"href":"https:\/\/sunsetislandresort.com\/es\/wp-json\/wp\/v2\/comments?post=382"}],"version-history":[{"count":40,"href":"https:\/\/sunsetislandresort.com\/es\/wp-json\/wp\/v2\/pages\/382\/revisions"}],"predecessor-version":[{"id":2861,"href":"https:\/\/sunsetislandresort.com\/es\/wp-json\/wp\/v2\/pages\/382\/revisions\/2861"}],"wp:attachment":[{"href":"https:\/\/sunsetislandresort.com\/es\/wp-json\/wp\/v2\/media?parent=382"}],"curies":[{"name":"wp","href":"https:\/\/api.w.org\/{rel}","templated":true}]}}