{"id":380,"date":"2022-07-11T20:49:40","date_gmt":"2022-07-11T20:49:40","guid":{"rendered":"https:\/\/sunsetislandresort.com\/?page_id=380"},"modified":"2022-11-28T05:29:04","modified_gmt":"2022-11-28T05:29:04","slug":"spa","status":"publish","type":"page","link":"https:\/\/sunsetislandresort.com\/es\/spa\/","title":{"rendered":"Spa"},"content":{"rendered":"<div class=\"wp-block-cover alignfull\" style=\"min-height:700px;aspect-ratio:unset;\"><span aria-hidden=\"true\" class=\"wp-block-cover__background has-background-dim\"><\/span><img loading=\"lazy\" decoding=\"async\" width=\"2000\" height=\"1700\" class=\"wp-block-cover__image-background wp-image-1101\" alt=\"\" src=\"https:\/\/sunsetislandresort.com\/wp-content\/uploads\/2022\/08\/spa-sunset-island-resort-1-1.jpg\" data-object-fit=\"cover\" srcset=\"https:\/\/sunsetislandresort.com\/wp-content\/uploads\/2022\/08\/spa-sunset-island-resort-1-1.jpg 2000w, https:\/\/sunsetislandresort.com\/wp-content\/uploads\/2022\/08\/spa-sunset-island-resort-1-1-300x255.jpg 300w, https:\/\/sunsetislandresort.com\/wp-content\/uploads\/2022\/08\/spa-sunset-island-resort-1-1-1024x870.jpg 1024w, https:\/\/sunsetislandresort.com\/wp-content\/uploads\/2022\/08\/spa-sunset-island-resort-1-1-768x653.jpg 768w, https:\/\/sunsetislandresort.com\/wp-content\/uploads\/2022\/08\/spa-sunset-island-resort-1-1-1536x1306.jpg 1536w\" sizes=\"auto, (max-width: 2000px) 100vw, 2000px\" \/><div class=\"wp-block-cover__inner-container is-layout-flow wp-block-cover-is-layout-flow\">\n<div style=\"height:60px\" aria-hidden=\"true\" class=\"wp-block-spacer\"><\/div>\n\n\n\n<p class=\"wow\">Spa<\/p>\n\n\n\n<p class=\"has-text-align-center\">Equilibrar tu campo energ\u00e9tico a medida que activas la capacidad de autocuraci\u00f3n del cuerpo a trav\u00e9s de una mayor conciencia de su estado f\u00edsico y emocional.<\/p>\n<\/div><\/div>\n\n\n\n<div style=\"height:80px\" aria-hidden=\"true\" class=\"wp-block-spacer\"><\/div>\n\n\n\n<div class=\"wp-block-ab-animate\" data-scroll-class=\"fadeInUp\">\n<p class=\"ti black\">Servicios del Spa<\/p>\n\n\n\n<p class=\"sub black\">8:00am. to 8:00pm.<\/p>\n<\/div>\n\n\n\n<div style=\"height:80px\" aria-hidden=\"true\" class=\"wp-block-spacer\"><\/div>\n\n\n\n<div class=\"wp-block-columns alignwide is-layout-flex wp-container-core-columns-is-layout-9d6595d7 wp-block-columns-is-layout-flex\">\n<div class=\"wp-block-column is-vertically-aligned-center is-layout-flow wp-block-column-is-layout-flow\" style=\"flex-basis:700px\">\n<div class=\"wp-block-ab-animate\" data-scroll-class=\"fadeInLeft\"><div class=\"wp-block-image cubo4\">\n<figure class=\"alignright size-large\"><img loading=\"lazy\" decoding=\"async\" width=\"1024\" height=\"870\" src=\"https:\/\/sunsetislandresort.com\/wp-content\/uploads\/2022\/08\/Body-scrubs-and-wraps-sunset-island-resort-1024x870.jpg\" alt=\"\" class=\"wp-image-1267\" srcset=\"https:\/\/sunsetislandresort.com\/wp-content\/uploads\/2022\/08\/Body-scrubs-and-wraps-sunset-island-resort-1024x870.jpg 1024w, https:\/\/sunsetislandresort.com\/wp-content\/uploads\/2022\/08\/Body-scrubs-and-wraps-sunset-island-resort-300x255.jpg 300w, https:\/\/sunsetislandresort.com\/wp-content\/uploads\/2022\/08\/Body-scrubs-and-wraps-sunset-island-resort-768x653.jpg 768w, https:\/\/sunsetislandresort.com\/wp-content\/uploads\/2022\/08\/Body-scrubs-and-wraps-sunset-island-resort-1536x1306.jpg 1536w, https:\/\/sunsetislandresort.com\/wp-content\/uploads\/2022\/08\/Body-scrubs-and-wraps-sunset-island-resort.jpg 2000w\" sizes=\"auto, (max-width: 1024px) 100vw, 1024px\" \/><\/figure>\n<\/div><\/div>\n<\/div>\n\n\n\n<div class=\"wp-block-column is-vertically-aligned-center is-layout-flow wp-block-column-is-layout-flow\" style=\"flex-basis:70%\">\n<div class=\"wp-block-cover is-light cubo3\"><span aria-hidden=\"true\" class=\"wp-block-cover__background has-background-dim-100 has-background-dim\" style=\"background-color:#f7f7f7\"><\/span><div class=\"wp-block-cover__inner-container is-layout-flow wp-block-cover-is-layout-flow\">\n<div class=\"wp-block-columns is-layout-flex wp-container-core-columns-is-layout-9d6595d7 wp-block-columns-is-layout-flex\">\n<div class=\"wp-block-column is-vertically-aligned-center cubo is-layout-flow wp-block-column-is-layout-flow\" style=\"flex-basis:100%\">\n<div style=\"height:100px\" aria-hidden=\"true\" class=\"wp-block-spacer\"><\/div>\n\n\n\n<div class=\"wp-block-ab-animate\" data-scroll-class=\"fadeInRight\">\n<p class=\"sub black\">Exfoliantes y envolturas corporales<\/p>\n\n\n\n<div style=\"height:10px\" aria-hidden=\"true\" class=\"wp-block-spacer\"><\/div>\n\n\n\n<p class=\"has-text-align-left\">Disfruta de esta incre\u00edble t\u00e9cnica de masaje que utiliza aceites esenciales naturales que estimulan una parte de las c\u00e9lulas del cerebro llamada sistema l\u00edmbico y te ayuda a estar de buen humor y te pone en contacto con tus emociones. De esta manera ayudamos a liberar endorfinas y alcanzar un estado de bienestar y felicidad.<\/p>\n<\/div>\n\n\n\n<div style=\"height:50px\" aria-hidden=\"true\" class=\"wp-block-spacer\"><\/div>\n\n\n\n<div style=\"height:100px\" aria-hidden=\"true\" class=\"wp-block-spacer\"><\/div>\n<\/div>\n<\/div>\n<\/div><\/div>\n<\/div>\n<\/div>\n\n\n\n<div style=\"height:100px\" aria-hidden=\"true\" class=\"wp-block-spacer\"><\/div>\n\n\n\n<div class=\"wp-block-columns is-layout-flex wp-container-core-columns-is-layout-9d6595d7 wp-block-columns-is-layout-flex\">\n<div class=\"wp-block-column is-vertically-aligned-center is-layout-flow wp-block-column-is-layout-flow\" style=\"flex-basis:70%\">\n<div class=\"wp-block-cover is-light\"><span aria-hidden=\"true\" class=\"wp-block-cover__background has-background-dim-100 has-background-dim\" style=\"background-color:#f7f7f7\"><\/span><div class=\"wp-block-cover__inner-container is-layout-flow wp-block-cover-is-layout-flow\">\n<div class=\"wp-block-columns is-layout-flex wp-container-core-columns-is-layout-9d6595d7 wp-block-columns-is-layout-flex\">\n<div class=\"wp-block-column cubo is-layout-flow wp-block-column-is-layout-flow\" style=\"flex-basis:100%\">\n<div style=\"height:100px\" aria-hidden=\"true\" class=\"wp-block-spacer\"><\/div>\n\n\n\n<div class=\"wp-block-ab-animate\" data-scroll-class=\"fadeInLeft\">\n<p class=\"sub black\">Masaje de terapia de trabajo corporal<\/p>\n\n\n\n<div style=\"height:10px\" aria-hidden=\"true\" class=\"wp-block-spacer\"><\/div>\n\n\n\n<p class=\"has-text-align-left borders2\">Disfrute de las t\u00e9cnicas que utilizamos aplicando la cantidad adecuada de presi\u00f3n para relajar los m\u00fasculos. Nuestro objetivo es llegar a los tejidos mejorando la movilidad de las partes del cuerpo donde se pueden presentar dolores musculares por lesiones, disminuyendo el estr\u00e9s y la ansiedad, mejorando as\u00ed el estado de \u00e1nimo.<\/p>\n<\/div>\n\n\n\n<div style=\"height:50px\" aria-hidden=\"true\" class=\"wp-block-spacer\"><\/div>\n\n\n\n<div style=\"height:100px\" aria-hidden=\"true\" class=\"wp-block-spacer\"><\/div>\n<\/div>\n<\/div>\n<\/div><\/div>\n<\/div>\n\n\n\n<div class=\"wp-block-column is-vertically-aligned-center is-layout-flow wp-block-column-is-layout-flow\" style=\"flex-basis:700px\">\n<div class=\"wp-block-ab-animate\" data-scroll-class=\"fadeInRight\"><div class=\"wp-block-image cubo3\">\n<figure class=\"aligncenter size-large\"><img loading=\"lazy\" decoding=\"async\" width=\"1024\" height=\"870\" src=\"https:\/\/sunsetislandresort.com\/wp-content\/uploads\/2022\/08\/massage-in-la-penita-de-jaltemba-sunset-island-resort-1024x870.jpg\" alt=\"\" class=\"wp-image-1268\" srcset=\"https:\/\/sunsetislandresort.com\/wp-content\/uploads\/2022\/08\/massage-in-la-penita-de-jaltemba-sunset-island-resort-1024x870.jpg 1024w, https:\/\/sunsetislandresort.com\/wp-content\/uploads\/2022\/08\/massage-in-la-penita-de-jaltemba-sunset-island-resort-300x255.jpg 300w, https:\/\/sunsetislandresort.com\/wp-content\/uploads\/2022\/08\/massage-in-la-penita-de-jaltemba-sunset-island-resort-768x653.jpg 768w, https:\/\/sunsetislandresort.com\/wp-content\/uploads\/2022\/08\/massage-in-la-penita-de-jaltemba-sunset-island-resort-1536x1306.jpg 1536w, https:\/\/sunsetislandresort.com\/wp-content\/uploads\/2022\/08\/massage-in-la-penita-de-jaltemba-sunset-island-resort.jpg 2000w\" sizes=\"auto, (max-width: 1024px) 100vw, 1024px\" \/><\/figure>\n<\/div><\/div>\n<\/div>\n<\/div>\n\n\n\n<div style=\"height:100px\" aria-hidden=\"true\" class=\"wp-block-spacer\"><\/div>\n\n\n\n<div class=\"wp-block-ab-animate\" data-scroll-class=\"fadeInDown\">\n<div class=\"wp-block-columns is-layout-flex wp-container-core-columns-is-layout-9d6595d7 wp-block-columns-is-layout-flex\">\n<div class=\"wp-block-column is-layout-flow wp-block-column-is-layout-flow\">\n<figure class=\"wp-block-image size-large\"><img loading=\"lazy\" decoding=\"async\" width=\"1024\" height=\"870\" src=\"https:\/\/sunsetislandresort.com\/wp-content\/uploads\/2022\/08\/Specialty-facial-and-body-sunset-island-resort-1024x870.jpg\" alt=\"\" class=\"wp-image-1269\" srcset=\"https:\/\/sunsetislandresort.com\/wp-content\/uploads\/2022\/08\/Specialty-facial-and-body-sunset-island-resort-1024x870.jpg 1024w, https:\/\/sunsetislandresort.com\/wp-content\/uploads\/2022\/08\/Specialty-facial-and-body-sunset-island-resort-300x255.jpg 300w, https:\/\/sunsetislandresort.com\/wp-content\/uploads\/2022\/08\/Specialty-facial-and-body-sunset-island-resort-768x653.jpg 768w, https:\/\/sunsetislandresort.com\/wp-content\/uploads\/2022\/08\/Specialty-facial-and-body-sunset-island-resort-1536x1306.jpg 1536w, https:\/\/sunsetislandresort.com\/wp-content\/uploads\/2022\/08\/Specialty-facial-and-body-sunset-island-resort.jpg 2000w\" sizes=\"auto, (max-width: 1024px) 100vw, 1024px\" \/><\/figure>\n\n\n\n<p class=\"sub black\">Especialidad facial y corporal<\/p>\n\n\n\n<p>Revitalice su cuerpo, mente y alma con este Tratamiento Facial, que tiene un efecto terap\u00e9utico y tonificante. Le aseguramos que saldr\u00e1 de aqu\u00ed con una sensaci\u00f3n de vitalidad y rejuvenecimiento.<\/p>\n\n\n\n<p><a href=\"https:\/\/www.vamanspa.com\/\"><\/a><\/p>\n<\/div>\n\n\n\n<div class=\"wp-block-column is-layout-flow wp-block-column-is-layout-flow\">\n<figure class=\"wp-block-image size-large\"><img loading=\"lazy\" decoding=\"async\" width=\"1024\" height=\"870\" src=\"https:\/\/sunsetislandresort.com\/wp-content\/uploads\/2022\/08\/salon-in-la-penita-de-jaltemba-sunset-island-resort-1024x870.jpg\" alt=\"\" class=\"wp-image-1270\" srcset=\"https:\/\/sunsetislandresort.com\/wp-content\/uploads\/2022\/08\/salon-in-la-penita-de-jaltemba-sunset-island-resort-1024x870.jpg 1024w, https:\/\/sunsetislandresort.com\/wp-content\/uploads\/2022\/08\/salon-in-la-penita-de-jaltemba-sunset-island-resort-300x255.jpg 300w, https:\/\/sunsetislandresort.com\/wp-content\/uploads\/2022\/08\/salon-in-la-penita-de-jaltemba-sunset-island-resort-768x653.jpg 768w, https:\/\/sunsetislandresort.com\/wp-content\/uploads\/2022\/08\/salon-in-la-penita-de-jaltemba-sunset-island-resort-1536x1306.jpg 1536w, https:\/\/sunsetislandresort.com\/wp-content\/uploads\/2022\/08\/salon-in-la-penita-de-jaltemba-sunset-island-resort.jpg 2000w\" sizes=\"auto, (max-width: 1024px) 100vw, 1024px\" \/><\/figure>\n\n\n\n<p class=\"sub black\">Sal\u00f3n<\/p>\n\n\n\n<p>Nuestro sal\u00f3n ofrece cuidado completo del cabello, u\u00f1as y cuerpo, incluidos cortes de cabello elegantes, coloraci\u00f3n, aplicaci\u00f3n de maquillaje, depilaci\u00f3n con cera y productos para la piel y el cabello para mujeres y hombres.<\/p>\n<\/div>\n\n\n\n<div class=\"wp-block-column is-layout-flow wp-block-column-is-layout-flow\">\n<figure class=\"wp-block-image size-large\"><img loading=\"lazy\" decoding=\"async\" width=\"1024\" height=\"870\" src=\"https:\/\/sunsetislandresort.com\/wp-content\/uploads\/2022\/08\/manicura-in-la-penita-de-jaltemba-sunset-island-resort-1024x870.jpg\" alt=\"\" class=\"wp-image-1271\" srcset=\"https:\/\/sunsetislandresort.com\/wp-content\/uploads\/2022\/08\/manicura-in-la-penita-de-jaltemba-sunset-island-resort-1024x870.jpg 1024w, https:\/\/sunsetislandresort.com\/wp-content\/uploads\/2022\/08\/manicura-in-la-penita-de-jaltemba-sunset-island-resort-300x255.jpg 300w, https:\/\/sunsetislandresort.com\/wp-content\/uploads\/2022\/08\/manicura-in-la-penita-de-jaltemba-sunset-island-resort-768x653.jpg 768w, https:\/\/sunsetislandresort.com\/wp-content\/uploads\/2022\/08\/manicura-in-la-penita-de-jaltemba-sunset-island-resort-1536x1306.jpg 1536w, https:\/\/sunsetislandresort.com\/wp-content\/uploads\/2022\/08\/manicura-in-la-penita-de-jaltemba-sunset-island-resort.jpg 2000w\" sizes=\"auto, (max-width: 1024px) 100vw, 1024px\" \/><\/figure>\n\n\n\n<p class=\"sub black\">Manicura y pedicura<\/p>\n\n\n\n<p>Consiste en realizar una manicura que incluye la aplicaci\u00f3n de exfoliaci\u00f3n, mascarilla y crema hidratante para manos, con aplicaci\u00f3n de esmalte marca OPI, incluye un masaje de manos de 5 minutos en la aplicaci\u00f3n de la crema hidratante.<\/p>\n<\/div>\n<\/div>\n<\/div>","protected":false},"excerpt":{"rendered":"","protected":false},"author":1,"featured_media":0,"parent":0,"menu_order":0,"comment_status":"closed","ping_status":"closed","template":"","meta":{"_glsr_average":0,"_glsr_ranking":0,"_glsr_reviews":0,"footnotes":""},"class_list":["post-380","page","type-page","status-publish","hentry"],"_links":{"self":[{"href":"https:\/\/sunsetislandresort.com\/es\/wp-json\/wp\/v2\/pages\/380","targetHints":{"allow":["GET"]}}],"collection":[{"href":"https:\/\/sunsetislandresort.com\/es\/wp-json\/wp\/v2\/pages"}],"about":[{"href":"https:\/\/sunsetislandresort.com\/es\/wp-json\/wp\/v2\/types\/page"}],"author":[{"embeddable":true,"href":"https:\/\/sunsetislandresort.com\/es\/wp-json\/wp\/v2\/users\/1"}],"replies":[{"embeddable":true,"href":"https:\/\/sunsetislandresort.com\/es\/wp-json\/wp\/v2\/comments?post=380"}],"version-history":[{"count":15,"href":"https:\/\/sunsetislandresort.com\/es\/wp-json\/wp\/v2\/pages\/380\/revisions"}],"predecessor-version":[{"id":2859,"href":"https:\/\/sunsetislandresort.com\/es\/wp-json\/wp\/v2\/pages\/380\/revisions\/2859"}],"wp:attachment":[{"href":"https:\/\/sunsetislandresort.com\/es\/wp-json\/wp\/v2\/media?parent=380"}],"curies":[{"name":"wp","href":"https:\/\/api.w.org\/{rel}","templated":true}]}}