{"id":378,"date":"2022-07-11T20:49:15","date_gmt":"2022-07-11T20:49:15","guid":{"rendered":"https:\/\/sunsetislandresort.com\/?page_id=378"},"modified":"2022-11-28T05:23:03","modified_gmt":"2022-11-28T05:23:03","slug":"suites","status":"publish","type":"page","link":"https:\/\/sunsetislandresort.com\/es\/suites\/","title":{"rendered":"Suites"},"content":{"rendered":"<div class=\"wp-block-cover alignfull is-light\" style=\"min-height:700px;aspect-ratio:unset;\"><span aria-hidden=\"true\" class=\"wp-block-cover__background has-background-dim\"><\/span><img loading=\"lazy\" decoding=\"async\" width=\"2000\" height=\"1700\" class=\"wp-block-cover__image-background wp-image-1083\" alt=\"\" src=\"https:\/\/sunsetislandresort.com\/wp-content\/uploads\/2022\/08\/sunset-island-home-1.jpg\" data-object-fit=\"cover\" srcset=\"https:\/\/sunsetislandresort.com\/wp-content\/uploads\/2022\/08\/sunset-island-home-1.jpg 2000w, https:\/\/sunsetislandresort.com\/wp-content\/uploads\/2022\/08\/sunset-island-home-1-300x255.jpg 300w, https:\/\/sunsetislandresort.com\/wp-content\/uploads\/2022\/08\/sunset-island-home-1-1024x870.jpg 1024w, https:\/\/sunsetislandresort.com\/wp-content\/uploads\/2022\/08\/sunset-island-home-1-768x653.jpg 768w, https:\/\/sunsetislandresort.com\/wp-content\/uploads\/2022\/08\/sunset-island-home-1-1536x1306.jpg 1536w\" sizes=\"auto, (max-width: 2000px) 100vw, 2000px\" \/><div class=\"wp-block-cover__inner-container is-layout-flow wp-block-cover-is-layout-flow\">\n<p class=\"wow\">Detalles aut\u00e9nticos<\/p>\n\n\n\n<p class=\"has-text-align-center has-white-color has-text-color\">Artesan\u00eda y dise\u00f1o vanguardista conviviendo pac\u00edficamente contigo.<\/p>\n<\/div><\/div>\n\n\n\n<div style=\"height:19px\" aria-hidden=\"true\" class=\"wp-block-spacer\"><\/div>\n\n\n\n<div class=\"wp-block-ab-animate\" data-scroll-class=\"fadeInUp\" data-scroll-threshold=\"36\">\n<p class=\"ti black\">Amenidades Modernas<\/p>\n\n\n\n<p class=\"has-text-align-center\">Estas son lujosas villas de gran tama\u00f1o, \u00fanicas en su tipo, cada una tiene un dise\u00f1o \u00fanico, completamente amuebladas con muebles hechos a medida, gabinetes hechos a medida y cada villa tiene su propio estilo y tema.<\/p>\n<\/div>\n\n\n\n<div style=\"height:82px\" aria-hidden=\"true\" class=\"wp-block-spacer\"><\/div>\n\n\n\n<div class=\"wp-block-cover alignfull is-light has-parallax\" style=\"min-height:645px;aspect-ratio:unset;\"><span aria-hidden=\"true\" class=\"wp-block-cover__background has-background-dim-20 has-background-dim\"><\/span><div role=\"img\" class=\"wp-block-cover__image-background wp-image-1161 has-parallax\" style=\"background-position:50% 50%;background-image:url(https:\/\/sunsetislandresort.com\/wp-content\/uploads\/2022\/08\/SUNSET-ISLAND-web-suites-section-.jpg)\"><\/div><div class=\"wp-block-cover__inner-container is-layout-flow wp-block-cover-is-layout-flow\">\n<div style=\"height:90px\" aria-hidden=\"true\" class=\"wp-block-spacer\"><\/div>\n\n\n\n<div class=\"wp-block-columns alignfull is-layout-flex wp-container-core-columns-is-layout-9d6595d7 wp-block-columns-is-layout-flex\">\n<div class=\"wp-block-column is-layout-flow wp-block-column-is-layout-flow\" style=\"flex-basis:10%\"><\/div>\n\n\n\n<div class=\"wp-block-column cubo2 has-white-background-color has-background is-layout-flow wp-block-column-is-layout-flow\" style=\"flex-basis:90%\">\n<div style=\"height:101px\" aria-hidden=\"true\" class=\"wp-block-spacer\"><\/div>\n\n\n\n<div class=\"wp-block-columns are-vertically-aligned-center cubo is-layout-flex wp-container-core-columns-is-layout-9d6595d7 wp-block-columns-is-layout-flex\">\n<div class=\"wp-block-column is-vertically-aligned-center is-layout-flow wp-block-column-is-layout-flow\">\n<div class=\"wp-block-ab-animate\" data-scroll-class=\"fadeInLeft\">\n<p class=\"sub black\">Totalmente acondicionado y equipado<\/p>\n\n\n\n<div style=\"height:10px\" aria-hidden=\"true\" class=\"wp-block-spacer\"><\/div>\n\n\n\n<p class=\"has-black-color has-text-color\">Construidos para servir, dise\u00f1ados para inspirar, nuestros sofisticados alojamientos pueden satisfacer perfectamente las necesidades de tus amigos y familiares. <\/p>\n<\/div>\n\n\n\n<div style=\"height:50px\" aria-hidden=\"true\" class=\"wp-block-spacer\"><\/div>\n<\/div>\n\n\n\n<div class=\"wp-block-column is-vertically-aligned-center is-layout-flow wp-block-column-is-layout-flow\">\n<div class=\"wp-block-ab-animate\" data-scroll-class=\"fadeInRight\">\n<figure class=\"wp-block-image size-large\"><img loading=\"lazy\" decoding=\"async\" width=\"1024\" height=\"786\" src=\"https:\/\/sunsetislandresort.com\/wp-content\/uploads\/2022\/08\/sunset-island-la-penita-detail-3-1024x786.jpg\" alt=\"\" class=\"wp-image-1440\" srcset=\"https:\/\/sunsetislandresort.com\/wp-content\/uploads\/2022\/08\/sunset-island-la-penita-detail-3-1024x786.jpg 1024w, https:\/\/sunsetislandresort.com\/wp-content\/uploads\/2022\/08\/sunset-island-la-penita-detail-3-300x230.jpg 300w, https:\/\/sunsetislandresort.com\/wp-content\/uploads\/2022\/08\/sunset-island-la-penita-detail-3-768x590.jpg 768w, https:\/\/sunsetislandresort.com\/wp-content\/uploads\/2022\/08\/sunset-island-la-penita-detail-3-1536x1179.jpg 1536w, https:\/\/sunsetislandresort.com\/wp-content\/uploads\/2022\/08\/sunset-island-la-penita-detail-3.jpg 1800w\" sizes=\"auto, (max-width: 1024px) 100vw, 1024px\" \/><\/figure>\n<\/div>\n<\/div>\n<\/div>\n\n\n\n<div style=\"height:90px\" aria-hidden=\"true\" class=\"wp-block-spacer\"><\/div>\n<\/div>\n<\/div>\n<\/div><\/div>\n\n\n\n<div style=\"height:0px\" aria-hidden=\"true\" class=\"wp-block-spacer\"><\/div>\n\n\n\n<div style=\"height:200px\" aria-hidden=\"true\" class=\"wp-block-spacer\"><\/div>\n\n\n\n<div class=\"wp-block-columns alignwide is-layout-flex wp-container-core-columns-is-layout-9d6595d7 wp-block-columns-is-layout-flex\">\n<div class=\"wp-block-column is-vertically-aligned-center is-layout-flow wp-block-column-is-layout-flow\" style=\"flex-basis:700px\">\n<div class=\"wp-block-ab-animate\" data-scroll-class=\"fadeInLeft\"><div class=\"wp-block-image cubo4\">\n<figure class=\"alignright size-large\"><img loading=\"lazy\" decoding=\"async\" width=\"1024\" height=\"786\" src=\"https:\/\/sunsetislandresort.com\/wp-content\/uploads\/2022\/08\/sunset-island-la-penita-detail-1-1024x786.jpg\" alt=\"\" class=\"wp-image-1441\" srcset=\"https:\/\/sunsetislandresort.com\/wp-content\/uploads\/2022\/08\/sunset-island-la-penita-detail-1-1024x786.jpg 1024w, https:\/\/sunsetislandresort.com\/wp-content\/uploads\/2022\/08\/sunset-island-la-penita-detail-1-300x230.jpg 300w, https:\/\/sunsetislandresort.com\/wp-content\/uploads\/2022\/08\/sunset-island-la-penita-detail-1-768x590.jpg 768w, https:\/\/sunsetislandresort.com\/wp-content\/uploads\/2022\/08\/sunset-island-la-penita-detail-1-1536x1179.jpg 1536w, https:\/\/sunsetislandresort.com\/wp-content\/uploads\/2022\/08\/sunset-island-la-penita-detail-1.jpg 1800w\" sizes=\"auto, (max-width: 1024px) 100vw, 1024px\" \/><\/figure>\n<\/div><\/div>\n<\/div>\n\n\n\n<div class=\"wp-block-column is-vertically-aligned-center is-layout-flow wp-block-column-is-layout-flow\" style=\"flex-basis:70%\">\n<div class=\"wp-block-cover is-light cubo3\"><span aria-hidden=\"true\" class=\"wp-block-cover__background has-background-dim-100 has-background-dim\" style=\"background-color:#f7f7f7\"><\/span><div class=\"wp-block-cover__inner-container is-layout-flow wp-block-cover-is-layout-flow\">\n<div class=\"wp-block-columns is-layout-flex wp-container-core-columns-is-layout-9d6595d7 wp-block-columns-is-layout-flex\">\n<div class=\"wp-block-column is-vertically-aligned-center cubo is-layout-flow wp-block-column-is-layout-flow\" style=\"flex-basis:100%\">\n<div style=\"height:100px\" aria-hidden=\"true\" class=\"wp-block-spacer\"><\/div>\n\n\n\n<div class=\"wp-block-ab-animate\" data-scroll-class=\"fadeInRight\">\n<p class=\"sub black\">Espera lo \u00fanico<\/p>\n\n\n\n<div style=\"height:10px\" aria-hidden=\"true\" class=\"wp-block-spacer\"><\/div>\n\n\n\n<p class=\"has-text-align-center\">Rodeado de arenas resplandecientes, palmeras y el azul del cielo y el mar, reserva una de nuestras villas Sunset Island y sum\u00e9rgete completamente en el encanto de La Riviera Nayarit.<\/p>\n<\/div>\n\n\n\n<div style=\"height:100px\" aria-hidden=\"true\" class=\"wp-block-spacer\"><\/div>\n<\/div>\n<\/div>\n<\/div><\/div>\n<\/div>\n<\/div>\n\n\n\n<div style=\"height:200px\" aria-hidden=\"true\" class=\"wp-block-spacer\"><\/div>\n\n\n\n<div class=\"wp-block-columns is-layout-flex wp-container-core-columns-is-layout-9d6595d7 wp-block-columns-is-layout-flex\">\n<div class=\"wp-block-column is-vertically-aligned-center is-layout-flow wp-block-column-is-layout-flow\" style=\"flex-basis:70%\">\n<div class=\"wp-block-cover is-light\"><span aria-hidden=\"true\" class=\"wp-block-cover__background has-background-dim-100 has-background-dim\" style=\"background-color:#f7f7f7\"><\/span><div class=\"wp-block-cover__inner-container is-layout-flow wp-block-cover-is-layout-flow\">\n<div class=\"wp-block-columns is-layout-flex wp-container-core-columns-is-layout-9d6595d7 wp-block-columns-is-layout-flex\">\n<div class=\"wp-block-column cubo is-layout-flow wp-block-column-is-layout-flow\" style=\"flex-basis:100%\">\n<div style=\"height:100px\" aria-hidden=\"true\" class=\"wp-block-spacer\"><\/div>\n\n\n\n<div class=\"wp-block-ab-animate\" data-scroll-class=\"fadeInLeft\">\n<p class=\"sub black\">Construido para inspirar<\/p>\n<\/div>\n\n\n\n<div style=\"height:100px\" aria-hidden=\"true\" class=\"wp-block-spacer\"><\/div>\n<\/div>\n<\/div>\n<\/div><\/div>\n<\/div>\n\n\n\n<div class=\"wp-block-column is-vertically-aligned-center is-layout-flow wp-block-column-is-layout-flow\" style=\"flex-basis:700px\">\n<div class=\"wp-block-ab-animate\" data-scroll-class=\"fadeInRight\"><div class=\"wp-block-image cubo3\">\n<figure class=\"aligncenter size-large\"><img loading=\"lazy\" decoding=\"async\" width=\"1024\" height=\"786\" src=\"https:\/\/sunsetislandresort.com\/wp-content\/uploads\/2022\/08\/sunset-island-la-penita-detail-2-1024x786.jpg\" alt=\"\" class=\"wp-image-1438\" srcset=\"https:\/\/sunsetislandresort.com\/wp-content\/uploads\/2022\/08\/sunset-island-la-penita-detail-2-1024x786.jpg 1024w, https:\/\/sunsetislandresort.com\/wp-content\/uploads\/2022\/08\/sunset-island-la-penita-detail-2-300x230.jpg 300w, https:\/\/sunsetislandresort.com\/wp-content\/uploads\/2022\/08\/sunset-island-la-penita-detail-2-768x590.jpg 768w, https:\/\/sunsetislandresort.com\/wp-content\/uploads\/2022\/08\/sunset-island-la-penita-detail-2-1536x1179.jpg 1536w, https:\/\/sunsetislandresort.com\/wp-content\/uploads\/2022\/08\/sunset-island-la-penita-detail-2.jpg 1800w\" sizes=\"auto, (max-width: 1024px) 100vw, 1024px\" \/><\/figure>\n<\/div><\/div>\n<\/div>\n<\/div>\n\n\n\n<div style=\"height:200px\" aria-hidden=\"true\" class=\"wp-block-spacer\"><\/div>\n\n\n\n<div style=\"height:100px\" aria-hidden=\"true\" class=\"wp-block-spacer\"><\/div>","protected":false},"excerpt":{"rendered":"","protected":false},"author":1,"featured_media":0,"parent":0,"menu_order":0,"comment_status":"closed","ping_status":"closed","template":"","meta":{"_glsr_average":0,"_glsr_ranking":0,"_glsr_reviews":0,"footnotes":""},"class_list":["post-378","page","type-page","status-publish","hentry"],"_links":{"self":[{"href":"https:\/\/sunsetislandresort.com\/es\/wp-json\/wp\/v2\/pages\/378","targetHints":{"allow":["GET"]}}],"collection":[{"href":"https:\/\/sunsetislandresort.com\/es\/wp-json\/wp\/v2\/pages"}],"about":[{"href":"https:\/\/sunsetislandresort.com\/es\/wp-json\/wp\/v2\/types\/page"}],"author":[{"embeddable":true,"href":"https:\/\/sunsetislandresort.com\/es\/wp-json\/wp\/v2\/users\/1"}],"replies":[{"embeddable":true,"href":"https:\/\/sunsetislandresort.com\/es\/wp-json\/wp\/v2\/comments?post=378"}],"version-history":[{"count":66,"href":"https:\/\/sunsetislandresort.com\/es\/wp-json\/wp\/v2\/pages\/378\/revisions"}],"predecessor-version":[{"id":2855,"href":"https:\/\/sunsetislandresort.com\/es\/wp-json\/wp\/v2\/pages\/378\/revisions\/2855"}],"wp:attachment":[{"href":"https:\/\/sunsetislandresort.com\/es\/wp-json\/wp\/v2\/media?parent=378"}],"curies":[{"name":"wp","href":"https:\/\/api.w.org\/{rel}","templated":true}]}}