{"id":1204,"date":"2022-08-10T18:29:39","date_gmt":"2022-08-10T18:29:39","guid":{"rendered":"https:\/\/sunsetislandresort.com\/?page_id=1204"},"modified":"2022-11-28T19:11:27","modified_gmt":"2022-11-28T19:11:27","slug":"experiences","status":"publish","type":"page","link":"https:\/\/sunsetislandresort.com\/es\/experiences\/","title":{"rendered":"Experiencias"},"content":{"rendered":"<div class=\"wp-block-cover alignfull is-light\" style=\"min-height:700px;aspect-ratio:unset;\"><span aria-hidden=\"true\" class=\"wp-block-cover__background has-background-dim\"><\/span><img loading=\"lazy\" decoding=\"async\" width=\"2000\" height=\"1700\" class=\"wp-block-cover__image-background wp-image-923\" alt=\"\" src=\"https:\/\/sunsetislandresort.com\/wp-content\/uploads\/2022\/08\/sir-20-07.jpg\" data-object-fit=\"cover\" srcset=\"https:\/\/sunsetislandresort.com\/wp-content\/uploads\/2022\/08\/sir-20-07.jpg 2000w, https:\/\/sunsetislandresort.com\/wp-content\/uploads\/2022\/08\/sir-20-07-300x255.jpg 300w, https:\/\/sunsetislandresort.com\/wp-content\/uploads\/2022\/08\/sir-20-07-1024x870.jpg 1024w, https:\/\/sunsetislandresort.com\/wp-content\/uploads\/2022\/08\/sir-20-07-768x653.jpg 768w, https:\/\/sunsetislandresort.com\/wp-content\/uploads\/2022\/08\/sir-20-07-1536x1306.jpg 1536w\" sizes=\"auto, (max-width: 2000px) 100vw, 2000px\" \/><div class=\"wp-block-cover__inner-container is-layout-flow wp-block-cover-is-layout-flow\">\n<div style=\"height:50px\" aria-hidden=\"true\" class=\"wp-block-spacer\"><\/div>\n\n\n\n<p class=\"wow\">\u00danete a nosotros donde el cielo se encuentra con el mar<\/p>\n\n\n\n<p class=\"has-text-align-center has-white-color has-text-color\">Nuestro resort junto a la playa es un centro de lujo para los amantes de la aventura y la naturaleza por igual.<\/p>\n<\/div><\/div>\n\n\n\n<div style=\"height:50px\" aria-hidden=\"true\" class=\"wp-block-spacer\"><\/div>\n\n\n\n<p>Uno de los mejores resorts todo incluido en M\u00e9xico, Sunset Island Resort combina lo mejor de los viajes a M\u00e9xico con experiencias de alto nivel, servicio al cliente superior y alojamiento de lujo.<\/p>\n\n\n\n<p>Ubicado en el tranquilo pueblo costero de La Pe\u00f1ita de Jaltemba, en la pintoresca Riviera Nayarit, nuestro exclusivo resort ofrece acceso directo a algunas de las actividades m\u00e1s populares de la regi\u00f3n.&nbsp;<\/p>\n\n\n\n<p>Echa un vistazo a nuestra selecci\u00f3n cuidadosamente seleccionada de tours y experiencias personalizadas por expertos gu\u00edas locales, y prep\u00e1rate para disfrutar lo mejor del para\u00edso natural de Nayarit.&nbsp;<\/p>\n\n\n\n<div style=\"height:50px\" aria-hidden=\"true\" class=\"wp-block-spacer\"><\/div>\n\n\n\n<div class=\"wp-block-ab-animate\" data-scroll-class=\"fadeInUp\">\n<p class=\"ti black\">Aventuras y Actividades<\/p>\n<\/div>\n\n\n\n<div class=\"wp-block-columns is-layout-flex wp-container-core-columns-is-layout-9d6595d7 wp-block-columns-is-layout-flex\">\n<div class=\"wp-block-column is-vertically-aligned-center is-layout-flow wp-block-column-is-layout-flow\" style=\"flex-basis:60%\">\n<div class=\"wp-block-ab-animate\" data-scroll-class=\"fadeInLeft\">\n<figure class=\"wp-block-image size-large\"><img loading=\"lazy\" decoding=\"async\" width=\"1024\" height=\"555\" src=\"https:\/\/sunsetislandresort.com\/wp-content\/uploads\/2022\/07\/diving-in-la-penita-de-jaltemba-sunset-island-resort-1024x555.jpeg\" alt=\"\" class=\"wp-image-429\" srcset=\"https:\/\/sunsetislandresort.com\/wp-content\/uploads\/2022\/07\/diving-in-la-penita-de-jaltemba-sunset-island-resort-1024x555.jpeg 1024w, https:\/\/sunsetislandresort.com\/wp-content\/uploads\/2022\/07\/diving-in-la-penita-de-jaltemba-sunset-island-resort-300x163.jpeg 300w, https:\/\/sunsetislandresort.com\/wp-content\/uploads\/2022\/07\/diving-in-la-penita-de-jaltemba-sunset-island-resort-768x416.jpeg 768w, https:\/\/sunsetislandresort.com\/wp-content\/uploads\/2022\/07\/diving-in-la-penita-de-jaltemba-sunset-island-resort.jpeg 1200w\" sizes=\"auto, (max-width: 1024px) 100vw, 1024px\" \/><\/figure>\n<\/div>\n<\/div>\n\n\n\n<div class=\"wp-block-column is-layout-flow wp-block-column-is-layout-flow\" style=\"flex-basis:40%\">\n<div class=\"wp-block-ab-animate\" data-scroll-class=\"fadeInRight\">\n<figure class=\"wp-block-image size-large is-resized\"><img loading=\"lazy\" decoding=\"async\" src=\"https:\/\/sunsetislandresort.com\/wp-content\/uploads\/2022\/07\/whale-watching-in-la-penita-de-jaltemba-1024x836.jpeg\" alt=\"\" class=\"wp-image-428\" width=\"768\" height=\"627\" srcset=\"https:\/\/sunsetislandresort.com\/wp-content\/uploads\/2022\/07\/whale-watching-in-la-penita-de-jaltemba-1024x836.jpeg 1024w, https:\/\/sunsetislandresort.com\/wp-content\/uploads\/2022\/07\/whale-watching-in-la-penita-de-jaltemba-300x245.jpeg 300w, https:\/\/sunsetislandresort.com\/wp-content\/uploads\/2022\/07\/whale-watching-in-la-penita-de-jaltemba-768x627.jpeg 768w, https:\/\/sunsetislandresort.com\/wp-content\/uploads\/2022\/07\/whale-watching-in-la-penita-de-jaltemba.jpeg 1200w\" sizes=\"auto, (max-width: 768px) 100vw, 768px\" \/><\/figure>\n\n\n\n<div style=\"height:50px\" aria-hidden=\"true\" class=\"wp-block-spacer\"><\/div>\n\n\n\n<p class=\"sub black\">Sumergete en el azul<\/p>\n\n\n\n<p>No hay mejor manera de experimentar la Riviera Nayarit que explorando sus aguas, tanto arriba como abajo. Desde excursiones de avistamiento de ballenas de temporada que lo pondr\u00e1n cara a cara con estas majestuosas criaturas hasta hacer esn\u00f3rquel en los arrecifes, remar en el ocaso o adentrarse en las profundidades del oc\u00e9ano en una sesi\u00f3n de buceo, las playas de arena dorada y zafiro de La Pe\u00f1ita las aguas est\u00e1n llamando tu nombre.<\/p>\n<\/div>\n<\/div>\n<\/div>\n\n\n\n<div style=\"height:100px\" aria-hidden=\"true\" class=\"wp-block-spacer\"><\/div>\n\n\n\n<div class=\"wp-block-cover alignfull\" style=\"min-height:400px;aspect-ratio:unset;\"><span aria-hidden=\"true\" class=\"wp-block-cover__background has-background-dim-0 has-background-dim\"><\/span><img loading=\"lazy\" decoding=\"async\" width=\"1920\" height=\"1080\" class=\"wp-block-cover__image-background wp-image-439\" alt=\"\" src=\"https:\/\/sunsetislandresort.com\/wp-content\/uploads\/2022\/07\/zipline-tour-in-la-penita-de-jaltemba-sunset-island-resort.jpeg\" style=\"object-position:48% 70%\" data-object-fit=\"cover\" data-object-position=\"48% 70%\" srcset=\"https:\/\/sunsetislandresort.com\/wp-content\/uploads\/2022\/07\/zipline-tour-in-la-penita-de-jaltemba-sunset-island-resort.jpeg 1920w, https:\/\/sunsetislandresort.com\/wp-content\/uploads\/2022\/07\/zipline-tour-in-la-penita-de-jaltemba-sunset-island-resort-300x169.jpeg 300w, https:\/\/sunsetislandresort.com\/wp-content\/uploads\/2022\/07\/zipline-tour-in-la-penita-de-jaltemba-sunset-island-resort-1024x576.jpeg 1024w, https:\/\/sunsetislandresort.com\/wp-content\/uploads\/2022\/07\/zipline-tour-in-la-penita-de-jaltemba-sunset-island-resort-768x432.jpeg 768w, https:\/\/sunsetislandresort.com\/wp-content\/uploads\/2022\/07\/zipline-tour-in-la-penita-de-jaltemba-sunset-island-resort-1536x864.jpeg 1536w\" sizes=\"auto, (max-width: 1920px) 100vw, 1920px\" \/><div class=\"wp-block-cover__inner-container is-layout-flow wp-block-cover-is-layout-flow\">\n<p class=\"has-text-align-center has-large-font-size\"><\/p>\n<\/div><\/div>\n\n\n\n<div style=\"height:20px\" aria-hidden=\"true\" class=\"wp-block-spacer\"><\/div>\n\n\n\n<div class=\"wp-block-ab-animate\">\n<p class=\"ti black\">Sum\u00e9rgete en la Naturaleza<\/p>\n\n\n\n<p class=\"has-text-align-center borders2\">Con un gu\u00eda experto, vuele entre los \u00e1rboles en tirolinas en esta emocionante aventura a gran altura.<\/p>\n<\/div>\n\n\n\n<div style=\"height:100px\" aria-hidden=\"true\" class=\"wp-block-spacer\"><\/div>\n\n\n\n<div class=\"wp-block-columns is-layout-flex wp-container-core-columns-is-layout-9d6595d7 wp-block-columns-is-layout-flex\">\n<div class=\"wp-block-column is-layout-flow wp-block-column-is-layout-flow\">\n<div class=\"wp-block-cover\"><span aria-hidden=\"true\" class=\"wp-block-cover__background has-background-dim-0 has-background-dim\"><\/span><img loading=\"lazy\" decoding=\"async\" width=\"1200\" height=\"720\" class=\"wp-block-cover__image-background wp-image-1235\" alt=\"\" src=\"https:\/\/sunsetislandresort.com\/wp-content\/uploads\/2022\/08\/Hiking-in-penita-de-jaltemba-sunset-island-resort.jpeg\" data-object-fit=\"cover\" srcset=\"https:\/\/sunsetislandresort.com\/wp-content\/uploads\/2022\/08\/Hiking-in-penita-de-jaltemba-sunset-island-resort.jpeg 1200w, https:\/\/sunsetislandresort.com\/wp-content\/uploads\/2022\/08\/Hiking-in-penita-de-jaltemba-sunset-island-resort-300x180.jpeg 300w, https:\/\/sunsetislandresort.com\/wp-content\/uploads\/2022\/08\/Hiking-in-penita-de-jaltemba-sunset-island-resort-1024x614.jpeg 1024w, https:\/\/sunsetislandresort.com\/wp-content\/uploads\/2022\/08\/Hiking-in-penita-de-jaltemba-sunset-island-resort-768x461.jpeg 768w\" sizes=\"auto, (max-width: 1200px) 100vw, 1200px\" \/><div class=\"wp-block-cover__inner-container is-layout-flow wp-block-cover-is-layout-flow\">\n<p class=\"has-text-align-center has-large-font-size\"><\/p>\n<\/div><\/div>\n\n\n\n<p class=\"sub black\">Acepta la llamada de la naturaleza<\/p>\n\n\n\n<p>Rodeado por un exuberante paisaje selv\u00e1tico, no tendr\u00e1 que ir muy lejos para entrar en contacto con los habitantes de vida silvestre m\u00e1s famosos de la regi\u00f3n. \u00c1tese las botas y recorra los senderos descubiertos hasta el famoso mirador Cerro del Mono, disfrute de las impresionantes vistas de la Bah\u00eda de Banderas desde arriba o ad\u00e9ntrese en la naturaleza salvaje junto a un gu\u00eda local para echar un vistazo a las m\u00e1s de 350 especies de aves. que acompa\u00f1ar\u00e1 tu excursi\u00f3n con una canci\u00f3n.\u00a0\u00a0<\/p>\n<\/div>\n\n\n\n<div class=\"wp-block-column is-layout-flow wp-block-column-is-layout-flow\">\n<div class=\"wp-block-cover is-light\"><span aria-hidden=\"true\" class=\"wp-block-cover__background has-background-dim-0 has-background-dim\"><\/span><img loading=\"lazy\" decoding=\"async\" width=\"1024\" height=\"768\" class=\"wp-block-cover__image-background wp-image-1236\" alt=\"\" src=\"https:\/\/sunsetislandresort.com\/wp-content\/uploads\/2022\/08\/river-tour-in-la-penita-de-jaltemba-sunset-island-resort.jpeg\" data-object-fit=\"cover\" srcset=\"https:\/\/sunsetislandresort.com\/wp-content\/uploads\/2022\/08\/river-tour-in-la-penita-de-jaltemba-sunset-island-resort.jpeg 1024w, https:\/\/sunsetislandresort.com\/wp-content\/uploads\/2022\/08\/river-tour-in-la-penita-de-jaltemba-sunset-island-resort-300x225.jpeg 300w, https:\/\/sunsetislandresort.com\/wp-content\/uploads\/2022\/08\/river-tour-in-la-penita-de-jaltemba-sunset-island-resort-768x576.jpeg 768w\" sizes=\"auto, (max-width: 1024px) 100vw, 1024px\" \/><div class=\"wp-block-cover__inner-container is-layout-flow wp-block-cover-is-layout-flow\">\n<p class=\"has-text-align-center has-large-font-size\"><\/p>\n<\/div><\/div>\n\n\n\n<p class=\"sub black\">Pasi\u00f3n local, est\u00e1ndares de lujo<\/p>\n\n\n\n<p>Todas nuestras experiencias est\u00e1n dise\u00f1adas y guiadas por nuestro equipo local de expertos para cumplir con los m\u00e1s altos est\u00e1ndares de calidad de servicio y entretenimiento. Demostrando una verdadera pasi\u00f3n y amor por su hogar, nuestro equipo est\u00e1 capacitado para deleitar, educar y brindarle una mirada de cerca a todo lo que Riviera Nayarit tiene para ofrecer a sus visitantes. No importa lo que prefiera, trabajaremos para encontrar una experiencia que todos puedan disfrutar a su propio ritmo.<\/p>\n<\/div>\n<\/div>\n\n\n\n<div style=\"height:100px\" aria-hidden=\"true\" class=\"wp-block-spacer\"><\/div>\n\n\n\n<div class=\"wp-block-cover alignfull is-light has-parallax\" style=\"min-height:645px;aspect-ratio:unset;\"><span aria-hidden=\"true\" class=\"wp-block-cover__background has-background-dim-20 has-background-dim\"><\/span><div role=\"img\" class=\"wp-block-cover__image-background wp-image-1251 has-parallax\" style=\"background-position:50% 50%;background-image:url(https:\/\/sunsetislandresort.com\/wp-content\/uploads\/2022\/08\/horse-riding-tour-in-la-penita-de-jaltemba-sunset-island-resort-5-.jpg)\"><\/div><div class=\"wp-block-cover__inner-container is-layout-flow wp-block-cover-is-layout-flow\">\n<div style=\"height:90px\" aria-hidden=\"true\" class=\"wp-block-spacer\"><\/div>\n\n\n\n<div class=\"wp-block-columns alignfull is-layout-flex wp-container-core-columns-is-layout-9d6595d7 wp-block-columns-is-layout-flex\">\n<div class=\"wp-block-column is-layout-flow wp-block-column-is-layout-flow\" style=\"flex-basis:10%\"><\/div>\n\n\n\n<div class=\"wp-block-column cubo2 has-white-background-color has-background is-layout-flow wp-block-column-is-layout-flow\" style=\"flex-basis:90%\">\n<div style=\"height:101px\" aria-hidden=\"true\" class=\"wp-block-spacer\"><\/div>\n\n\n\n<div class=\"wp-block-columns are-vertically-aligned-center cubo is-layout-flex wp-container-core-columns-is-layout-9d6595d7 wp-block-columns-is-layout-flex\">\n<div class=\"wp-block-column is-vertically-aligned-center is-layout-flow wp-block-column-is-layout-flow\">\n<div class=\"wp-block-ab-animate\" data-scroll-class=\"fadeInLeft\">\n<p class=\"sub black\">Paseos a Caballo<\/p>\n\n\n\n<div style=\"height:10px\" aria-hidden=\"true\" class=\"wp-block-spacer\"><\/div>\n\n\n\n<p class=\"has-black-color has-text-color\">Establos amigables, paseos por senderos ocultos y playas con arena dorada te invitan. D\u00e9 rienda suelta a su vaquero interior mientras viaja a caballo por el campo cinematogr\u00e1fico de La Pe\u00f1ita y las hermosas costas.<\/p>\n<\/div>\n\n\n\n<div style=\"height:50px\" aria-hidden=\"true\" class=\"wp-block-spacer\"><\/div>\n<\/div>\n\n\n\n<div class=\"wp-block-column is-vertically-aligned-center is-layout-flow wp-block-column-is-layout-flow\">\n<div class=\"wp-block-ab-animate\" data-scroll-class=\"fadeInRight\">\n<figure class=\"wp-block-image size-large\"><img loading=\"lazy\" decoding=\"async\" width=\"1024\" height=\"870\" src=\"https:\/\/sunsetislandresort.com\/wp-content\/uploads\/2022\/08\/horse-riding-tour-in-la-penita-de-jaltemba-sunset-island-resort--1024x870.jpg\" alt=\"\" class=\"wp-image-1243\" srcset=\"https:\/\/sunsetislandresort.com\/wp-content\/uploads\/2022\/08\/horse-riding-tour-in-la-penita-de-jaltemba-sunset-island-resort--1024x870.jpg 1024w, https:\/\/sunsetislandresort.com\/wp-content\/uploads\/2022\/08\/horse-riding-tour-in-la-penita-de-jaltemba-sunset-island-resort--300x255.jpg 300w, https:\/\/sunsetislandresort.com\/wp-content\/uploads\/2022\/08\/horse-riding-tour-in-la-penita-de-jaltemba-sunset-island-resort--768x653.jpg 768w, https:\/\/sunsetislandresort.com\/wp-content\/uploads\/2022\/08\/horse-riding-tour-in-la-penita-de-jaltemba-sunset-island-resort--1536x1306.jpg 1536w, https:\/\/sunsetislandresort.com\/wp-content\/uploads\/2022\/08\/horse-riding-tour-in-la-penita-de-jaltemba-sunset-island-resort-.jpg 2000w\" sizes=\"auto, (max-width: 1024px) 100vw, 1024px\" \/><\/figure>\n<\/div>\n<\/div>\n<\/div>\n\n\n\n<div style=\"height:90px\" aria-hidden=\"true\" class=\"wp-block-spacer\"><\/div>\n<\/div>\n<\/div>\n<\/div><\/div>\n\n\n\n<div style=\"height:100px\" aria-hidden=\"true\" class=\"wp-block-spacer\"><\/div>\n\n\n\n<div class=\"wp-block-columns is-layout-flex wp-container-core-columns-is-layout-9d6595d7 wp-block-columns-is-layout-flex\">\n<div class=\"wp-block-column is-layout-flow wp-block-column-is-layout-flow\" style=\"flex-basis:40%\">\n<div class=\"wp-block-ab-animate\" data-scroll-class=\"fadeInUp\">\n<figure class=\"wp-block-image size-large\"><img loading=\"lazy\" decoding=\"async\" width=\"1024\" height=\"870\" src=\"https:\/\/sunsetislandresort.com\/wp-content\/uploads\/2022\/08\/sir-20-07-1024x870.jpg\" alt=\"\" class=\"wp-image-923\" srcset=\"https:\/\/sunsetislandresort.com\/wp-content\/uploads\/2022\/08\/sir-20-07-1024x870.jpg 1024w, https:\/\/sunsetislandresort.com\/wp-content\/uploads\/2022\/08\/sir-20-07-300x255.jpg 300w, https:\/\/sunsetislandresort.com\/wp-content\/uploads\/2022\/08\/sir-20-07-768x653.jpg 768w, https:\/\/sunsetislandresort.com\/wp-content\/uploads\/2022\/08\/sir-20-07-1536x1306.jpg 1536w, https:\/\/sunsetislandresort.com\/wp-content\/uploads\/2022\/08\/sir-20-07.jpg 2000w\" sizes=\"auto, (max-width: 1024px) 100vw, 1024px\" \/><\/figure>\n\n\n\n<p class=\"sub black\">Bienestar en la Naturaleza<\/p>\n\n\n\n<p>Salga de la jungla esmeralda hacia las suaves arenas de una de las playas doradas m\u00e1s impresionantes de la Riviera Nayarit. Desde bucear, embarcarse en un crucero al atardecer, observar ballenas hasta experiencias de pesca \u00fanicas, este es su portal personal a la aventura.<\/p>\n<\/div>\n<\/div>\n\n\n\n<div class=\"wp-block-column is-vertically-aligned-center is-layout-flow wp-block-column-is-layout-flow\" style=\"flex-basis:60%\">\n<div class=\"wp-block-ab-animate\" data-scroll-class=\"fadeInDown\">\n<figure class=\"wp-block-image size-large\"><img loading=\"lazy\" decoding=\"async\" width=\"1024\" height=\"555\" src=\"https:\/\/sunsetislandresort.com\/wp-content\/uploads\/2022\/08\/paddle-board-in-la-penita-de-jaltemba-sunset-island-resort-3-1024x555.jpg\" alt=\"\" class=\"wp-image-1255\" srcset=\"https:\/\/sunsetislandresort.com\/wp-content\/uploads\/2022\/08\/paddle-board-in-la-penita-de-jaltemba-sunset-island-resort-3-1024x555.jpg 1024w, https:\/\/sunsetislandresort.com\/wp-content\/uploads\/2022\/08\/paddle-board-in-la-penita-de-jaltemba-sunset-island-resort-3-300x163.jpg 300w, https:\/\/sunsetislandresort.com\/wp-content\/uploads\/2022\/08\/paddle-board-in-la-penita-de-jaltemba-sunset-island-resort-3-768x416.jpg 768w, https:\/\/sunsetislandresort.com\/wp-content\/uploads\/2022\/08\/paddle-board-in-la-penita-de-jaltemba-sunset-island-resort-3.jpg 1200w\" sizes=\"auto, (max-width: 1024px) 100vw, 1024px\" \/><\/figure>\n<\/div>\n<\/div>\n<\/div>\n\n\n\n<div style=\"height:100px\" aria-hidden=\"true\" class=\"wp-block-spacer\"><\/div>\n\n\n\n<div class=\"wp-block-cover alignfull is-light has-parallax\" style=\"min-height:501px;aspect-ratio:unset;\"><span aria-hidden=\"true\" class=\"wp-block-cover__background has-background-dim-0 has-background-dim\"><\/span><div role=\"img\" class=\"wp-block-cover__image-background wp-image-430 has-parallax\" style=\"background-position:50% 50%;background-image:url(https:\/\/sunsetislandresort.com\/wp-content\/uploads\/2022\/07\/snorkeling-in-la-penita-de-jaltemba-sunset-island-resort.jpeg)\"><\/div><div class=\"wp-block-cover__inner-container is-layout-flow wp-block-cover-is-layout-flow\">\n<p class=\"has-text-align-center has-large-font-size\"><\/p>\n<\/div><\/div>","protected":false},"excerpt":{"rendered":"<p>One of the top all-inclusive resorts in Mexico, Sunset Island Resort combines the best of Mexico travel with high-end experiences, superior customer service, and luxury accommodations. Located away in the&hellip;<\/p>","protected":false},"author":1,"featured_media":0,"parent":0,"menu_order":0,"comment_status":"closed","ping_status":"closed","template":"","meta":{"_glsr_average":0,"_glsr_ranking":0,"_glsr_reviews":0,"footnotes":""},"class_list":["post-1204","page","type-page","status-publish","hentry"],"_links":{"self":[{"href":"https:\/\/sunsetislandresort.com\/es\/wp-json\/wp\/v2\/pages\/1204","targetHints":{"allow":["GET"]}}],"collection":[{"href":"https:\/\/sunsetislandresort.com\/es\/wp-json\/wp\/v2\/pages"}],"about":[{"href":"https:\/\/sunsetislandresort.com\/es\/wp-json\/wp\/v2\/types\/page"}],"author":[{"embeddable":true,"href":"https:\/\/sunsetislandresort.com\/es\/wp-json\/wp\/v2\/users\/1"}],"replies":[{"embeddable":true,"href":"https:\/\/sunsetislandresort.com\/es\/wp-json\/wp\/v2\/comments?post=1204"}],"version-history":[{"count":45,"href":"https:\/\/sunsetislandresort.com\/es\/wp-json\/wp\/v2\/pages\/1204\/revisions"}],"predecessor-version":[{"id":2869,"href":"https:\/\/sunsetislandresort.com\/es\/wp-json\/wp\/v2\/pages\/1204\/revisions\/2869"}],"wp:attachment":[{"href":"https:\/\/sunsetislandresort.com\/es\/wp-json\/wp\/v2\/media?parent=1204"}],"curies":[{"name":"wp","href":"https:\/\/api.w.org\/{rel}","templated":true}]}}